{"id":333,"date":"2015-03-09T13:34:40","date_gmt":"2015-03-09T13:34:40","guid":{"rendered":"http:\/\/fledermaustunnel.naturpark-our.lu\/sample-page-2\/"},"modified":"2016-08-19T13:10:06","modified_gmt":"2016-08-19T13:10:06","slug":"sample-page","status":"publish","type":"page","link":"https:\/\/fledermaustunnel.naturpark-our.lu\/fr\/","title":{"rendered":"Accueil"},"content":{"rendered":"<div class=\"pexeto-recent-posts rp-columns\"><h3 class=\"rp-title\">News<\/h3><div class=\"cols-wrapper cols-2\"><div class=\"col rp\"><div class=\"rp-header\"><a href=\"https:\/\/fledermaustunnel.naturpark-our.lu\/fr\/wartungsarbeiten-hoerstation\/\"><img decoding=\"async\" src=\"https:\/\/fledermaustunnel.naturpark-our.lu\/wp-content\/uploads\/2021\/10\/RS24011_31102015ErlebnispfadFledermaustunnel_MG_414413334144-lpr.jpg?wsr\" alt=\"\" \/><\/a><\/div><h4 class=\"rp-post-title\"><a href=\"https:\/\/fledermaustunnel.naturpark-our.lu\/fr\/wartungsarbeiten-hoerstation\/\">Station sonore - travaux d'entretien<\/a><\/h4><p><\/p><a class=\"read-more\" href=\"https:\/\/fledermaustunnel.naturpark-our.lu\/fr\/wartungsarbeiten-hoerstation\/\">Read More <span class=\"more-arrow\">&rsaquo;<\/span><\/a><\/div><div class=\"col rp nomargin\"><div class=\"rp-header\"><a href=\"https:\/\/fledermaustunnel.naturpark-our.lu\/fr\/kinderaktitivitaet-am-fledermaustunnel\/\"><img decoding=\"async\" src=\"https:\/\/fledermaustunnel.naturpark-our.lu\/wp-content\/uploads\/2016\/08\/RS25199_IMG_7398-scr.jpg?wsr\" alt=\"\" \/><\/a><\/div><h4 class=\"rp-post-title\"><a href=\"https:\/\/fledermaustunnel.naturpark-our.lu\/fr\/kinderaktitivitaet-am-fledermaustunnel\/\">Activit\u00e9 pour enfants autour du tunnel des chauves-souris<\/a><\/h4><p><\/p><a class=\"read-more\" href=\"https:\/\/fledermaustunnel.naturpark-our.lu\/fr\/kinderaktitivitaet-am-fledermaustunnel\/\">Read More <span class=\"more-arrow\">&rsaquo;<\/span><\/a><\/div><\/div><\/div>\n<div class=\"services-wrapper services-boxed-photo cols-wrapper cols-4\"><div class=\"services-box col\"><a href=\"\/fr\/le-projet\/\"><div class=\"img-container\"><img decoding=\"async\" src=\"https:\/\/fledermaustunnel.naturpark-our.lu\/wp-content\/uploads\/2015\/03\/huldange_logo_crop-268x179.png\" alt=\"Le projet\"\/><\/div><\/a><div class=\"services-content\"><div class=\"sc-wraper\"><h3><a href=\"\/fr\/le-projet\/\">Le projet<\/a><\/h3><p>Lors de la construction de la piste cyclable de la Vennbahn, on a d\u00e9couvert des chauves-souris dans le tunnel pr\u00e8s de Huldange.<\/p><\/div><\/div><\/div><div class=\"services-box col\"><a href=\"\/fr\/le-projet\/chauves-souris\/\"><div class=\"img-container\"><img decoding=\"async\" src=\"https:\/\/fledermaustunnel.naturpark-our.lu\/wp-content\/uploads\/2015\/03\/schwarz_fledermaus_2-268x179.jpg\" alt=\"Les chauves-souris\"\/><\/div><\/a><div class=\"services-content\"><div class=\"sc-wraper\"><h3><a href=\"\/fr\/le-projet\/chauves-souris\/\">Les chauves-souris<\/a><\/h3><p>Depuis l'arr\u00eat de l'exploitation ferroviaire dans les ann\u00e9es 60, il fait calme, sombre, frais et humide autour du tunnel Huldange.<\/p><\/div><\/div><\/div><div class=\"services-box col\"><a href=\"\/fr\/le-projet\/chemin-de-fer\/\"><div class=\"img-container\"><img decoding=\"async\" src=\"https:\/\/fledermaustunnel.naturpark-our.lu\/wp-content\/uploads\/2015\/03\/lok_2-268x179.jpg\" alt=\"Le tunnel ferroviaire\"\/><\/div><\/a><div class=\"services-content\"><div class=\"sc-wraper\"><h3><a href=\"\/fr\/le-projet\/chemin-de-fer\/\">Le tunnel ferroviaire<\/a><\/h3><p>Vers 1880, la \u00ab\u00a0Vennbahn\u00a0\u00bb a \u00e9t\u00e9 mise en service entre Aix-la-Chapelle et Troisvierges. <\/p><\/div><\/div><\/div><div class=\"services-box col nomargin\"><a href=\"\/fr\/le-projet\/piste-cyclable\/\"><div class=\"img-container\"><img decoding=\"async\" src=\"https:\/\/fledermaustunnel.naturpark-our.lu\/wp-content\/uploads\/2015\/03\/01_Am_Gruenen_Kloster_Rurhofcvennbahn.eu_-268x179.jpg\" alt=\"La piste cyclable de la Vennbahn\"\/><\/div><\/a><div class=\"services-content\"><div class=\"sc-wraper\"><h3><a href=\"\/fr\/le-projet\/piste-cyclable\/\">La piste cyclable de la Vennbahn<\/a><\/h3><p>La piste cyclable de la Vennbahn a \u00e9t\u00e9 am\u00e9nag\u00e9e sur l\u2019ancien trac\u00e9 de la voie ferr\u00e9e de la Vennbahn.<\/p><\/div><\/div><\/div><div class=\"clear\"><\/div><\/div>\n<div class=\"services-wrapper services-boxed-photo cols-wrapper cols-4\"><div class=\"services-box col\"><a href=\"\/fr\/le-projet#videodedrone\"><div class=\"img-container\"><img decoding=\"async\" src=\"https:\/\/fledermaustunnel.naturpark-our.lu\/wp-content\/uploads\/2015\/03\/runimation_film_Drohne_big2_v2-268x179.jpg\" alt=\" Vid\u00e9o de drone\"\/><\/div><\/a><div class=\"services-content\"><div class=\"sc-wraper\"><h3><a href=\"\/fr\/le-projet#videodedrone\"> Vid\u00e9o de drone<\/a><\/h3><\/div><\/div><\/div><div class=\"services-box col\"><a href=\"\/fr\/le-projet\/batti\/\"><div class=\"img-container\"><img decoding=\"async\" src=\"https:\/\/fledermaustunnel.naturpark-our.lu\/wp-content\/uploads\/2015\/03\/batti-draw2-268x179.jpeg\" alt=\"Batti\"\/><\/div><\/a><div class=\"services-content\"><div class=\"sc-wraper\"><h3><a href=\"\/fr\/le-projet\/batti\/\">Batti<\/a><\/h3><p>Batti est la mascotte chauve-souris du projet \u00ab sentier d\u00e9couverte Tunnel des chauves-souris\u00a0\u00bb \u00e0 Huldange . \r\n<\/p><\/div><\/div><\/div><div class=\"services-box col\"><a href=\"\/fr\/le-projet\/webcam\/\"><div class=\"img-container\"><img decoding=\"async\" src=\"https:\/\/fledermaustunnel.naturpark-our.lu\/wp-content\/uploads\/2015\/03\/Screen-Shot-2015-10-08-at-09.44.12-268x179.png\" alt=\"Webcams\"\/><\/div><\/a><div class=\"services-content\"><div class=\"sc-wraper\"><h3><a href=\"\/fr\/le-projet\/webcam\/\">Webcams<\/a><\/h3><p>Dans le voisinage imm\u00e9diat des deux portails du tunnel, on a install\u00e9 des cam\u00e9ras qui enregistrent des images et des s\u00e9quences des activit\u00e9s des chauves-souris.<\/p><\/div><\/div><\/div><div class=\"services-box col nomargin\"><a href=\"\/fr\/le-projet\/carte-des-environs\/\"><div class=\"img-container\"><img decoding=\"async\" src=\"https:\/\/fledermaustunnel.naturpark-our.lu\/wp-content\/uploads\/2015\/07\/RS2695_Pierre-Haas-scr-268x179.jpg\" alt=\"Carte des environs\"\/><\/div><\/a><div class=\"services-content\"><div class=\"sc-wraper\"><h3><a href=\"\/fr\/le-projet\/carte-des-environs\/\">Carte des environs<\/a><\/h3><p>Qu'y a-t-il d'autre \u00e0 d\u00e9couvrir dans les environs du sentier d\u00e9couverte \u00ab Tunnel des chauves-souris\u00bb \u00e0 Huldange ? \r\n<\/p><\/div><\/div><\/div><div class=\"clear\"><\/div><\/div>\n","protected":false},"excerpt":{"rendered":"","protected":false},"author":1,"featured_media":0,"parent":0,"menu_order":1,"comment_status":"closed","ping_status":"closed","template":"","meta":{"jetpack_post_was_ever_published":false,"footnotes":""},"class_list":["post-333","page","type-page","status-publish","hentry"],"yoast_head":"<!-- This site is optimized with the Yoast SEO plugin v27.5 - https:\/\/yoast.com\/product\/yoast-seo-wordpress\/ -->\n<title>Le tunnel des chauves-souris \u00e0 Huldange (Luxembourg)<\/title>\n<meta name=\"robots\" content=\"index, follow, max-snippet:-1, max-image-preview:large, max-video-preview:-1\" \/>\n<link rel=\"canonical\" href=\"https:\/\/fledermaustunnel.naturpark-our.lu\/fr\/\" \/>\n<meta property=\"og:locale\" content=\"fr_FR\" \/>\n<meta property=\"og:type\" content=\"article\" \/>\n<meta property=\"og:title\" content=\"Le tunnel des chauves-souris \u00e0 Huldange (Luxembourg)\" \/>\n<meta property=\"og:url\" content=\"https:\/\/fledermaustunnel.naturpark-our.lu\/fr\/\" \/>\n<meta property=\"og:site_name\" content=\"Flantermaustunnel Huldange\" \/>\n<meta property=\"article:modified_time\" content=\"2016-08-19T13:10:06+00:00\" \/>\n<meta name=\"twitter:card\" content=\"summary_large_image\" \/>\n<meta name=\"twitter:label1\" content=\"Dur\u00e9e de lecture estim\u00e9e\" \/>\n\t<meta name=\"twitter:data1\" content=\"1 minute\" \/>\n<script type=\"application\/ld+json\" class=\"yoast-schema-graph\">{\"@context\":\"https:\\\/\\\/schema.org\",\"@graph\":[{\"@type\":\"WebPage\",\"@id\":\"https:\\\/\\\/fledermaustunnel.naturpark-our.lu\\\/fr\\\/\",\"url\":\"https:\\\/\\\/fledermaustunnel.naturpark-our.lu\\\/fr\\\/\",\"name\":\"Le tunnel des chauves-souris \u00e0 Huldange (Luxembourg)\",\"isPartOf\":{\"@id\":\"https:\\\/\\\/fledermaustunnel.naturpark-our.lu\\\/#website\"},\"datePublished\":\"2015-03-09T13:34:40+00:00\",\"dateModified\":\"2016-08-19T13:10:06+00:00\",\"breadcrumb\":{\"@id\":\"https:\\\/\\\/fledermaustunnel.naturpark-our.lu\\\/fr\\\/#breadcrumb\"},\"inLanguage\":\"fr-FR\",\"potentialAction\":[{\"@type\":\"ReadAction\",\"target\":[\"https:\\\/\\\/fledermaustunnel.naturpark-our.lu\\\/fr\\\/\"]}]},{\"@type\":\"BreadcrumbList\",\"@id\":\"https:\\\/\\\/fledermaustunnel.naturpark-our.lu\\\/fr\\\/#breadcrumb\",\"itemListElement\":[{\"@type\":\"ListItem\",\"position\":1,\"name\":\"Home\",\"item\":\"https:\\\/\\\/fledermaustunnel.naturpark-our.lu\\\/fr\\\/\"},{\"@type\":\"ListItem\",\"position\":2,\"name\":\"Accueil\"}]},{\"@type\":\"WebSite\",\"@id\":\"https:\\\/\\\/fledermaustunnel.naturpark-our.lu\\\/#website\",\"url\":\"https:\\\/\\\/fledermaustunnel.naturpark-our.lu\\\/\",\"name\":\"Flantermaustunnel Huldange\",\"description\":\"\",\"potentialAction\":[{\"@type\":\"SearchAction\",\"target\":{\"@type\":\"EntryPoint\",\"urlTemplate\":\"https:\\\/\\\/fledermaustunnel.naturpark-our.lu\\\/?s={search_term_string}\"},\"query-input\":{\"@type\":\"PropertyValueSpecification\",\"valueRequired\":true,\"valueName\":\"search_term_string\"}}],\"inLanguage\":\"fr-FR\"}]}<\/script>\n<!-- \/ Yoast SEO plugin. -->","yoast_head_json":{"title":"Le tunnel des chauves-souris \u00e0 Huldange (Luxembourg)","robots":{"index":"index","follow":"follow","max-snippet":"max-snippet:-1","max-image-preview":"max-image-preview:large","max-video-preview":"max-video-preview:-1"},"canonical":"https:\/\/fledermaustunnel.naturpark-our.lu\/fr\/","og_locale":"fr_FR","og_type":"article","og_title":"Le tunnel des chauves-souris \u00e0 Huldange (Luxembourg)","og_url":"https:\/\/fledermaustunnel.naturpark-our.lu\/fr\/","og_site_name":"Flantermaustunnel Huldange","article_modified_time":"2016-08-19T13:10:06+00:00","twitter_card":"summary_large_image","twitter_misc":{"Dur\u00e9e de lecture estim\u00e9e":"1 minute"},"schema":{"@context":"https:\/\/schema.org","@graph":[{"@type":"WebPage","@id":"https:\/\/fledermaustunnel.naturpark-our.lu\/fr\/","url":"https:\/\/fledermaustunnel.naturpark-our.lu\/fr\/","name":"Le tunnel des chauves-souris \u00e0 Huldange (Luxembourg)","isPartOf":{"@id":"https:\/\/fledermaustunnel.naturpark-our.lu\/#website"},"datePublished":"2015-03-09T13:34:40+00:00","dateModified":"2016-08-19T13:10:06+00:00","breadcrumb":{"@id":"https:\/\/fledermaustunnel.naturpark-our.lu\/fr\/#breadcrumb"},"inLanguage":"fr-FR","potentialAction":[{"@type":"ReadAction","target":["https:\/\/fledermaustunnel.naturpark-our.lu\/fr\/"]}]},{"@type":"BreadcrumbList","@id":"https:\/\/fledermaustunnel.naturpark-our.lu\/fr\/#breadcrumb","itemListElement":[{"@type":"ListItem","position":1,"name":"Home","item":"https:\/\/fledermaustunnel.naturpark-our.lu\/fr\/"},{"@type":"ListItem","position":2,"name":"Accueil"}]},{"@type":"WebSite","@id":"https:\/\/fledermaustunnel.naturpark-our.lu\/#website","url":"https:\/\/fledermaustunnel.naturpark-our.lu\/","name":"Flantermaustunnel Huldange","description":"","potentialAction":[{"@type":"SearchAction","target":{"@type":"EntryPoint","urlTemplate":"https:\/\/fledermaustunnel.naturpark-our.lu\/?s={search_term_string}"},"query-input":{"@type":"PropertyValueSpecification","valueRequired":true,"valueName":"search_term_string"}}],"inLanguage":"fr-FR"}]}},"jetpack_sharing_enabled":true,"jetpack_shortlink":"https:\/\/wp.me\/P5UNxi-5n","_links":{"self":[{"href":"https:\/\/fledermaustunnel.naturpark-our.lu\/fr\/wp-json\/wp\/v2\/pages\/333","targetHints":{"allow":["GET"]}}],"collection":[{"href":"https:\/\/fledermaustunnel.naturpark-our.lu\/fr\/wp-json\/wp\/v2\/pages"}],"about":[{"href":"https:\/\/fledermaustunnel.naturpark-our.lu\/fr\/wp-json\/wp\/v2\/types\/page"}],"author":[{"embeddable":true,"href":"https:\/\/fledermaustunnel.naturpark-our.lu\/fr\/wp-json\/wp\/v2\/users\/1"}],"replies":[{"embeddable":true,"href":"https:\/\/fledermaustunnel.naturpark-our.lu\/fr\/wp-json\/wp\/v2\/comments?post=333"}],"version-history":[{"count":8,"href":"https:\/\/fledermaustunnel.naturpark-our.lu\/fr\/wp-json\/wp\/v2\/pages\/333\/revisions"}],"predecessor-version":[{"id":719,"href":"https:\/\/fledermaustunnel.naturpark-our.lu\/fr\/wp-json\/wp\/v2\/pages\/333\/revisions\/719"}],"wp:attachment":[{"href":"https:\/\/fledermaustunnel.naturpark-our.lu\/fr\/wp-json\/wp\/v2\/media?parent=333"}],"curies":[{"name":"wp","href":"https:\/\/api.w.org\/{rel}","templated":true}]}}